{"id":327,"date":"2024-04-15T11:24:32","date_gmt":"2024-04-15T09:24:32","guid":{"rendered":"https:\/\/doc.pass-emploi.beta.gouv.fr\/legal\/?page_id=327"},"modified":"2024-04-15T11:24:33","modified_gmt":"2024-04-15T09:24:33","slug":"politique-de-confidentialite-app-cej-du-jeune-version-3","status":"publish","type":"page","link":"https:\/\/doc.pass-emploi.beta.gouv.fr\/legal\/politique-de-confidentialite-app-cej-du-jeune-version-3\/","title":{"rendered":"Politique de confidentialit\u00e9 app cej du jeune version 3"},"content":{"rendered":"\n<p><strong>Politique de confidentialit\u00e9 <\/strong><strong><\/strong><\/p>\n\n\n\n<p><strong>de la plateforme CONTRAT D\u2019ENGAGEMENT JEUNE<\/strong><\/p>\n\n\n\n<p><\/p>\n\n\n\n<p>Version 3 du 08.04.2024<\/p>\n\n\n\n<p><strong>Qui sommes-nous ?<\/strong><\/p>\n\n\n\n<p>Nous sommes d\u00e9velopp\u00e9s par l\u2019Etat et plus sp\u00e9cifiquement par la D\u00e9l\u00e9gation g\u00e9n\u00e9rale \u00e0 l\u2019emploi et \u00e0 la formation professionnelle, au sein du Minist\u00e8re du travail.<\/p>\n\n\n\n<p><strong>A quoi sert l\u2019application CEJ&nbsp;?<\/strong><\/p>\n\n\n\n<p>Notre objectif est de contribuer \u00e0 la diminution du d\u00e9crochage des jeunes en accompagnement vers l\u2019emploi, et plus sp\u00e9cifiquement \u00e0&nbsp;:<\/p>\n\n\n\n<ul class=\"wp-block-list\">\n<li>La mise en relation entre les jeunes et leur conseiller ou conseill\u00e8re, force de proposition d\u2019actions et conseils aux jeunes pour faciliter les \u00e9changes et leur donner du sens&nbsp;;<\/li>\n\n\n\n<li>Un accompagnement aupr\u00e8s du jeune, notamment dans les recherches d\u2019emploi et prises de rendez-vous avec des entreprises ou dans le cadre de d\u00e9couverte de m\u00e9tiers&nbsp;;<\/li>\n\n\n\n<li>Le partage des \u00e9changes et des donn\u00e9es relatives \u00e0 l\u2019accompagnement du jeune avec les missions locales et France Travail&nbsp;;<\/li>\n\n\n\n<li>Le suivi et l\u2019analyse de la politique publique de l\u2019insertion.<\/li>\n<\/ul>\n\n\n\n<p><strong>Quels types d\u2019informations sommes-nous susceptibles de vous demander&nbsp;?<\/strong><\/p>\n\n\n\n<p>Nous pouvons collecter les donn\u00e9es \u00e0 caract\u00e8re personnel suivantes&nbsp;:<\/p>\n\n\n\n<ul class=\"wp-block-list\">\n<li>Pour cr\u00e9er votre profil \u00ab&nbsp;Usager&nbsp;\u00bb (identifiant, nom, pr\u00e9nom, num\u00e9ro de t\u00e9l\u00e9phone, date de naissance, adresse, e-mail)&nbsp;;<\/li>\n\n\n\n<li>Dans le cadre de vos \u00ab&nbsp;actions&nbsp;\u00bb (adresse et localisation, date de l\u2019action, messagerie, crit\u00e8res de recherche et recherches d\u2019emplois)&nbsp;;<\/li>\n\n\n\n<li>Les pi\u00e8ces jointes li\u00e9es \u00e0 vos conversations au sein de la messagerie<\/li>\n\n\n\n<li>Dans le cadre des commentaires de votre Conseiller dans les \u00ab&nbsp;notes&nbsp;\u00bb&nbsp;;<\/li>\n\n\n\n<li>Cookies.<\/li>\n<\/ul>\n\n\n\n<p><strong>L\u2019application CEJ est-elle autoris\u00e9e \u00e0 conserver les informations strictement n\u00e9cessaires \u00e0 son Utilisation<\/strong><\/p>\n\n\n\n<p>Les informations que l\u2019application CEJ est amen\u00e9e \u00e0 avoir sur vous sont n\u00e9cessaires \u00e0 sa bonne utilisation. Nous sommes autoris\u00e9s \u00e0 le faire pour veiller et accomplir une mission d\u2019int\u00e9r\u00eat public.<\/p>\n\n\n\n<p>Lorsque nous d\u00e9posons des cookies, nous respectons scrupuleusement la loi. Si celui-ci est un cookie technique ou un cookie d\u2019analyse et de suivi ne pouvant pas directement vous identifier, nous pouvons le d\u00e9poser sans votre consentement. Pour ces derniers, vous pouvez n\u00e9anmoins vous opposer \u00e0 ces cookies.<\/p>\n\n\n\n<p>Pour plus de pr\u00e9cision, vous pouvez vous r\u00e9f\u00e9rer au texte de <a href=\"https:\/\/www.legifrance.gouv.fr\/loda\/article_lc\/LEGIARTI000037813978\">loi<\/a>, et \u00e0 la position de la <a href=\"https:\/\/www.cnil.fr\/fr\/cookies-et-autres-traceurs\/regles\/cookies\/que-dit-la-loi\">CNIL<\/a> le r\u00e9gulateur de protection des donn\u00e9es.<\/p>\n\n\n\n<p><strong>Combien de temps nous conservons vos informations&nbsp;?<\/strong><\/p>\n\n\n\n<figure class=\"wp-block-table\"><table><tbody><tr><td><strong>Type de donn\u00e9es<\/strong><strong><\/strong><\/td><td><strong>Dur\u00e9e de conservation<\/strong><strong><\/strong><\/td><\/tr><tr><td>Donn\u00e9es de profil \u00ab&nbsp;Usager&nbsp;\u00bb<\/td><td><strong>Jusqu\u2019\u00e0 ce que vous supprimiez votre profil<\/strong> Ou <strong>Dans un d\u00e9lai de 2 ans \u00e0 compter de la derni\u00e8re utilisation du profil ou de la suppression du profil par le Conseiller ou le Superviseur.<\/strong><\/td><\/tr><tr><td>Donn\u00e9es relatives aux actions du jeune<\/td><td><strong>Jusqu\u2019\u00e0 ce que vous supprimiez votre profil<\/strong> Ou <strong>Dans un d\u00e9lai de 2 ans \u00e0 compter de la derni\u00e8re utilisation du profil \u00ab&nbsp;Usager&nbsp;\u00bb ou de la suppression du profil par le Conseiller ou le Superviseur.<\/strong><\/td><\/tr><tr><td>Donn\u00e9es relatives aux commentaires contenus dans les notes<\/td><td><strong>Jusqu\u2019\u00e0 ce que vous supprimiez votre profil<\/strong> <strong>&nbsp;<\/strong>Ou <strong>Dans un d\u00e9lai de 2 ans \u00e0 compter de la derni\u00e8re utilisation du profil ou de la suppression du profil par le Conseiller ou le Superviseur.<\/strong><\/td><\/tr><tr><td>Donn\u00e9es relatives aux pi\u00e8ces jointes communiqu\u00e9es<\/td><td>Les donn\u00e9es sont conserv\u00e9es 4 mois \u00e0 compter du d\u00e9p\u00f4t de la pi\u00e8ce.<\/td><\/tr><\/tbody><\/table><\/figure>\n\n\n\n<p><strong>Vos droits sur vos donn\u00e9es<\/strong><\/p>\n\n\n\n<p>Vous disposez des droits suivants concernant vos donn\u00e9es \u00e0 caract\u00e8re personnel&nbsp;:<\/p>\n\n\n\n<ul class=\"wp-block-list\">\n<li>Droit d\u2019information et droit d\u2019acc\u00e8s aux donn\u00e9es&nbsp;;<\/li>\n\n\n\n<li>Droit de rectification des donn\u00e9es&nbsp;;<\/li>\n\n\n\n<li>Droit d\u2019opposition \u00e0 l\u2019exception des donn\u00e9es de connexion&nbsp;;<\/li>\n\n\n\n<li>Droit \u00e0 la limitation des donn\u00e9es.<\/li>\n<\/ul>\n\n\n\n<p>Pour les exercer, faites-nous parvenir une demande en pr\u00e9cisant la date et l\u2019heure pr\u00e9cise de la requ\u00eate \u2013 ces \u00e9l\u00e9ments sont indispensables pour nous permettre de retrouver votre recherche \u2013 par voie \u00e9lectronique \u00e0 l\u2019adresse suivante&nbsp;:<\/p>\n\n\n\n<p><a href=\"mailto:contact@pass-emploi.beta.gouv.fr\">contact@pass-emploi.beta.gouv.fr<\/a><\/p>\n\n\n\n<p>Par voie postale&nbsp;:<\/p>\n\n\n\n<p>Fabrique num\u00e9rique des minist\u00e8res sociaux<\/p>\n\n\n\n<p>Minist\u00e8re des solidarit\u00e9s et de la sant\u00e9<\/p>\n\n\n\n<p>39-43 Quai Andr\u00e9 Citro\u00ebn<\/p>\n\n\n\n<p>75739 Paris Cedex 15<\/p>\n\n\n\n<p>En raison de l&#8217;obligation de s\u00e9curit\u00e9 et de confidentialit\u00e9 dans le traitement des donn\u00e9es \u00e0 caract\u00e8re personnel qui incombe au responsable de traitement, les demandes des personnes concern\u00e9es ne seront trait\u00e9es que si nous sommes en mesure de vous identifier de fa\u00e7on certaine.<\/p>\n\n\n\n<p>En cas de doute s\u00e9rieux sur votre identit\u00e9, nous pouvons \u00eatre amen\u00e9s \u00e0 vous demander la communication d\u2019une preuve d\u2019identit\u00e9.<br><br><\/p>\n\n\n\n<p>Pour vous aider dans votre d\u00e9marche, vous trouverez ici <a href=\"https:\/\/www.cnil.fr\/fr\/modele\/courrier\/exercer-son-droit-dacces\">https:\/\/www.cnil.fr\/fr\/modele\/courrier\/exercer-son-droit-dacces<\/a>, un mod\u00e8le de courrier \u00e9labor\u00e9 par la CNIL.<\/p>\n\n\n\n<p>Nous nous engageons \u00e0 r\u00e9pondre dans un d\u00e9lai raisonnable qui ne saurait d\u00e9passer 1 mois \u00e0 compter de la r\u00e9ception de votre demande.<\/p>\n\n\n\n<p><strong>Nos efforts pour limiter l\u2019acc\u00e8s \u00e0 vos informations<\/strong><\/p>\n\n\n\n<p>Nous nous engageons \u00e0 ce que les donn\u00e9es \u00e0 caract\u00e8res personnels soient trait\u00e9es par les seules personnes autoris\u00e9es.<\/p>\n\n\n\n<p>Pourront avoir acc\u00e8s \u00e0 vos informations&nbsp;:<\/p>\n\n\n\n<figure class=\"wp-block-table\"><table><tbody><tr><td><strong>Donn\u00e9es<\/strong><\/td><td><strong>Destinataires<\/strong><\/td><\/tr><tr><td>Donn\u00e9es de profil Usager<\/td><td>&nbsp; &#8211; \u00c9quipe de la plateforme CEJ&nbsp;; &#8211; Agents autoris\u00e9s de la Fabrique dans le seul cadre de la mise en \u0153uvre, le d\u00e9ploiement et le maintien de l\u2019infrastructure de la plateforme CEJ&nbsp;&nbsp;; &#8211; Conseiller France Travail charg\u00e9 du suivi&nbsp;; &#8211; Conseiller d\u2019une mission locale d\u2019insertion charg\u00e9 du suivi&nbsp;;- Plateforme DiagOriente, si l\u2019Usager l\u2019a choisi et les seules donn\u00e9es n\u00e9cessaires \u00e0 l\u2019authentification.<\/td><\/tr><tr><td>Donn\u00e9es relatives aux actions du jeune<\/td><td>&nbsp; &#8211; \u00c9quipe de la plateforme CEJ&nbsp;; &#8211; Agents autoris\u00e9s de la Fabrique dans le seul cadre de la mise en \u0153uvre, le d\u00e9ploiement et le maintien de l\u2019infrastructure de la plateforme CEJ&nbsp;&nbsp;; &#8211; Conseiller France Travail charg\u00e9 du suivi&nbsp;; &#8211; Conseiller d\u2019une mission locale d\u2019insertion charg\u00e9 du suivi&nbsp;;&nbsp; &#8211; Superviseur France Travail concernant Usagers suivis par les Conseillers sous sa supervision&nbsp;<\/td><\/tr><tr><td>Donn\u00e9es relatives aux pi\u00e8ces jointes communiqu\u00e9es<\/td><td>Personnes autoris\u00e9es au sein de l\u2019\u00e9quipe technique du CEJ&nbsp;;Conseiller France Travail charg\u00e9 du suivi&nbsp;;Conseiller d\u2019une mission locale d\u2019insertion charg\u00e9 du suivi&nbsp;;&nbsp;Superviseur France Travail concernant Usagers suivis par les Conseillers sous sa supervision&nbsp;;<\/td><\/tr><tr><td>Cookies<\/td><td>\u00c9quipe de la plateforme CEJ<\/td><\/tr><\/tbody><\/table><\/figure>\n\n\n\n<p><strong>S\u00e9curit\u00e9 et confidentialit\u00e9 de vos informations<\/strong><\/p>\n\n\n\n<p>Les mesures techniques et organisationnelles de s\u00e9curit\u00e9 adopt\u00e9es pour assurer la confidentialit\u00e9, l\u2019int\u00e9grit\u00e9 et prot\u00e9ger l\u2019acc\u00e8s des donn\u00e9es sont notamment&nbsp;:<\/p>\n\n\n\n<ul class=\"wp-block-list\">\n<li>Stockage des donn\u00e9es en base de donn\u00e9es<\/li>\n\n\n\n<li>Stockage des mots de passe en base sont hach\u00e9s<\/li>\n\n\n\n<li>Cloisonnement des donn\u00e9es<\/li>\n\n\n\n<li>Mesures de tra\u00e7abilit\u00e9<\/li>\n\n\n\n<li>Surveillance<\/li>\n\n\n\n<li>Protection contre les virus, malwares et logiciels espions<\/li>\n\n\n\n<li>Protection des r\u00e9seaux<\/li>\n\n\n\n<li>Sauvegarde<\/li>\n\n\n\n<li>Mesures restrictives limitant l\u2019acc\u00e8s physiques aux donn\u00e9es \u00e0 caract\u00e8re personnel<\/li>\n<\/ul>\n\n\n\n<p><strong>Sous-traitants<\/strong><\/p>\n\n\n\n<p>Certaines des donn\u00e9es sont envoy\u00e9es \u00e0 des sous-traitants, c\u2019est-\u00e0-dire des entreprises qui nous aident, dans le respect de la loi, \u00e0 r\u00e9aliser nos missions. Nous nous assurons de la mise en \u0153uvre par ces sous-traitants de garanties ad\u00e9quates et du respect de conditions strictes de confidentialit\u00e9, d\u2019usage et de protection de vos donn\u00e9es.<\/p>\n\n\n\n<figure class=\"wp-block-table\"><table><tbody><tr><td><strong>Partenaire<\/strong><strong><\/strong><\/td><td><strong>Pays destinataire<\/strong><strong><\/strong><\/td><td><strong>Traitement r\u00e9alis\u00e9<\/strong><strong><\/strong><\/td><td><strong>Garanties<\/strong><strong><\/strong><\/td><\/tr><tr><td>Outscale<\/td><td>France<\/td><td>H\u00e9bergement<\/td><td><a href=\"https:\/\/fr.outscale.com\/wp-content\/uploads\/2021\/06\/FR-Politique-de-protection-des-donne%CC%81es-Outscale-2021-06-17.pdf\">https:\/\/fr.outscale.com\/wp-content\/uploads\/2021\/06\/FR-Politique-de-protection-des-donne%CC%81es-Outscale-2021-06-17.pdf<\/a> https:\/\/fr.outscale.com\/cloud-secteur-public\/<\/td><\/tr><tr><td>Scalingo<\/td><td>France<\/td><td>Infog\u00e9rant<\/td><td><a href=\"https:\/\/scalingo.com\/fr\/data-processing-agreement\">https:\/\/scalingo.com\/fr\/data-processing-agreement<\/a> &nbsp;<\/td><\/tr><tr><td>Google<\/td><td>Belgique<\/td><td>Messagerie instantan\u00e9e<\/td><td><a href=\"https:\/\/firebase.google.com\/support\/privacy#firebase_data_processing_and_security_terms\">https:\/\/firebase.google.com\/support\/privacy#firebase_data_processing_and_security_terms<\/a><\/td><\/tr><tr><td>OVH SAS<\/td><td>France<\/td><td>Envoi de pi\u00e8ces jointes s\u00e9curis\u00e9es<\/td><td><a href=\"https:\/\/www.ovhcloud.com\/fr\/terms-and-conditions\/privacy-policy\/\">https:\/\/www.ovhcloud.com\/fr\/terms-and-conditions\/privacy-policy\/<\/a><\/td><\/tr><tr><td>Sendinblue SAS<\/td><td>France<\/td><td>Envoi de notifications<\/td><td><a href=\"https:\/\/fr.sendinblue.com\/legal\/termsofuse\/\">https:\/\/fr.sendinblue.com\/legal\/termsofuse\/<\/a><\/td><\/tr><tr><td>Octo Technology<\/td><td>France<\/td><td>Accompagnement et d\u00e9ploiement de l\u2019application.<\/td><td>&nbsp;<\/td><\/tr><\/tbody><\/table><\/figure>\n\n\n\n<p><strong>Cookies<\/strong><\/p>\n\n\n\n<p>Un cookie est un fichier d\u00e9pos\u00e9 sur votre terminal lors de la visite d\u2019un site. Il a pour but de collecter des informations relatives \u00e0 votre navigation et de vous adresser des services adapt\u00e9s \u00e0 votre terminal (ordinateur, mobile ou tablette).<\/p>\n\n\n\n<p>Le site d\u00e9pose des cookies de mesure d\u2019audience (nombre de visites, pages consult\u00e9es), respectant les conditions d\u2019exemption du consentement de l\u2019internaute d\u00e9finies par la recommandation \u00ab&nbsp;Cookies&nbsp;\u00bb de la Commission nationale informatique et libert\u00e9s (CNIL). Cela signifie, notamment, que ces cookies ne servent qu\u2019\u00e0 la production de statistiques anonymes et ne permettent pas de suivre la navigation de l\u2019internaute sur d\u2019autres sites.<\/p>\n\n\n\n<p>Il convient d\u2019indiquer que&nbsp;:<\/p>\n\n\n\n<ul class=\"wp-block-list\">\n<li>Les donn\u00e9es collect\u00e9es ne sont pas recoup\u00e9es avec d\u2019autres traitements<\/li>\n\n\n\n<li>Les cookies ne permettent pas de suivre la navigation de l\u2019internaute sur d\u2019autres sites<\/li>\n<\/ul>\n\n\n\n<p><strong>**[BOUTON MODIFIER LES REGLAGES]**<\/strong><\/p>\n\n\n\n<p>\u00c0 tout moment, vous pouvez refuser l\u2019utilisation des cookies et d\u00e9sactiver le d\u00e9p\u00f4t sur votre ordinateur en utilisant la fonction d\u00e9di\u00e9e de votre navigateur (fonction disponible notamment sur Microsoft Internet Explorer 11, Google Chrome, Mozilla Firefox, Apple Safari et Opera).<\/p>\n\n\n\n<p>Pour aller plus loin, vous pouvez consulter les fiches propos\u00e9es par la Commission Nationale de l&#8217;Informatique et des Libert\u00e9s (CNIL) :<\/p>\n\n\n\n<p>* [Cookies &amp; traceurs : que dit la loi ?] (https:\/\/www.cnil.fr\/fr\/cookies-traceurs-que-dit-la-loi)* [Cookies : les outils pour les ma\u00eetriser](https:\/\/www.cnil.fr\/fr\/cookies-les-outils-pour-les-maitriser)<\/p>\n","protected":false},"excerpt":{"rendered":"Politique de confidentialit\u00e9 de la plateforme CONTRAT D\u2019ENGAGEMENT JEUNE Version 3 du 08.04.2024 Qui sommes-nous ? Nous sommes d\u00e9velopp\u00e9s par l\u2019Etat et plus sp\u00e9cifiquement par la D\u00e9l\u00e9gation g\u00e9n\u00e9rale \u00e0 l\u2019emploi et \u00e0 la formation professionnelle, au sein du Minist\u00e8re du&#8230;","protected":false},"author":8,"featured_media":0,"parent":0,"menu_order":0,"comment_status":"closed","ping_status":"closed","template":"","meta":{"inline_featured_image":false,"footnotes":""},"class_list":["post-327","page","type-page","status-publish","hentry"],"_links":{"self":[{"href":"https:\/\/doc.pass-emploi.beta.gouv.fr\/legal\/wp-json\/wp\/v2\/pages\/327"}],"collection":[{"href":"https:\/\/doc.pass-emploi.beta.gouv.fr\/legal\/wp-json\/wp\/v2\/pages"}],"about":[{"href":"https:\/\/doc.pass-emploi.beta.gouv.fr\/legal\/wp-json\/wp\/v2\/types\/page"}],"author":[{"embeddable":true,"href":"https:\/\/doc.pass-emploi.beta.gouv.fr\/legal\/wp-json\/wp\/v2\/users\/8"}],"replies":[{"embeddable":true,"href":"https:\/\/doc.pass-emploi.beta.gouv.fr\/legal\/wp-json\/wp\/v2\/comments?post=327"}],"version-history":[{"count":1,"href":"https:\/\/doc.pass-emploi.beta.gouv.fr\/legal\/wp-json\/wp\/v2\/pages\/327\/revisions"}],"predecessor-version":[{"id":328,"href":"https:\/\/doc.pass-emploi.beta.gouv.fr\/legal\/wp-json\/wp\/v2\/pages\/327\/revisions\/328"}],"wp:attachment":[{"href":"https:\/\/doc.pass-emploi.beta.gouv.fr\/legal\/wp-json\/wp\/v2\/media?parent=327"}],"curies":[{"name":"wp","href":"https:\/\/api.w.org\/{rel}","templated":true}]}}